{"id":8470,"date":"2023-10-16T20:31:47","date_gmt":"2023-10-16T20:31:47","guid":{"rendered":"https:\/\/gervasi.cl\/?post_type=product&#038;p=8470"},"modified":"2026-05-16T08:33:43","modified_gmt":"2026-05-16T08:33:43","slug":"mantencion-cilindro-hidraulico-y-neumatico","status":"publish","type":"product","link":"https:\/\/gervasi.cl\/index.php\/producto\/mantencion-cilindro-hidraulico-y-neumatico\/","title":{"rendered":"Mantenci\u00f3n y Reparaci\u00f3n Cilindro Hidr\u00e1ulico y Neum\u00e1tico"},"content":{"rendered":"<p>Ofrecemos un servicio completo de mantenimiento y reparaci\u00f3n para cilindros hidr\u00e1ulicos y neum\u00e1ticos, garantizando un rendimiento \u00f3ptimo y una vida \u00fatil prolongada.<\/p>\n","protected":false},"excerpt":{"rendered":"<p>Ofrecemos un servicio completo de mantenimiento y reparaci\u00f3n para cilindros hidr\u00e1ulicos y neum\u00e1ticos, garantizando un rendimiento \u00f3ptimo y una vida \u00fatil prolongada.<\/p>\n","protected":false},"featured_media":8617,"comment_status":"open","ping_status":"closed","template":"","meta":[],"product_brand":[],"product_cat":[74],"product_tag":[],"class_list":{"0":"post-8470","1":"product","2":"type-product","3":"status-publish","4":"has-post-thumbnail","6":"product_cat-servicios-de-fabricacion-y-reparacion","8":"first","9":"instock","10":"featured","11":"shipping-taxable","12":"purchasable","13":"product-type-simple"},"acf":[],"_links":{"self":[{"href":"https:\/\/gervasi.cl\/index.php\/wp-json\/wp\/v2\/product\/8470","targetHints":{"allow":["GET"]}}],"collection":[{"href":"https:\/\/gervasi.cl\/index.php\/wp-json\/wp\/v2\/product"}],"about":[{"href":"https:\/\/gervasi.cl\/index.php\/wp-json\/wp\/v2\/types\/product"}],"replies":[{"embeddable":true,"href":"https:\/\/gervasi.cl\/index.php\/wp-json\/wp\/v2\/comments?post=8470"}],"wp:featuredmedia":[{"embeddable":true,"href":"https:\/\/gervasi.cl\/index.php\/wp-json\/wp\/v2\/media\/8617"}],"wp:attachment":[{"href":"https:\/\/gervasi.cl\/index.php\/wp-json\/wp\/v2\/media?parent=8470"}],"wp:term":[{"taxonomy":"product_brand","embeddable":true,"href":"https:\/\/gervasi.cl\/index.php\/wp-json\/wp\/v2\/product_brand?post=8470"},{"taxonomy":"product_cat","embeddable":true,"href":"https:\/\/gervasi.cl\/index.php\/wp-json\/wp\/v2\/product_cat?post=8470"},{"taxonomy":"product_tag","embeddable":true,"href":"https:\/\/gervasi.cl\/index.php\/wp-json\/wp\/v2\/product_tag?post=8470"}],"curies":[{"name":"wp","href":"https:\/\/api.w.org\/{rel}","templated":true}]}}