{"id":8464,"date":"2023-10-16T20:30:15","date_gmt":"2023-10-16T20:30:15","guid":{"rendered":"https:\/\/gervasi.cl\/?post_type=product&#038;p=8464"},"modified":"2026-03-27T11:06:38","modified_gmt":"2026-03-27T11:06:38","slug":"fabricacion-sellos-especiales","status":"publish","type":"product","link":"https:\/\/gervasi.cl\/index.php\/producto\/fabricacion-sellos-especiales\/","title":{"rendered":"Fabricacion sellos especiales"},"content":{"rendered":"<p>Fabricaci\u00f3n de sellos, con tecnolog\u00eda CNC de ultima generaci\u00f3n, elaborados al instante en distintos materiales y dimensiones, ofreciendo a nuestro cliente una respuesta r\u00e1pida a su requerimiento.<\/p>\n","protected":false},"excerpt":{"rendered":"<p>Fabricaci\u00f3n de sellos, con tecnolog\u00eda CNC de ultima generaci\u00f3n, elaborados al instante en distintos materiales y dimensiones, ofreciendo a nuestro cliente una respuesta r\u00e1pida a su requerimiento.<\/p>\n","protected":false},"featured_media":8467,"comment_status":"open","ping_status":"closed","template":"","meta":[],"product_brand":[],"product_cat":[70],"product_tag":[],"class_list":{"0":"post-8464","1":"product","2":"type-product","3":"status-publish","4":"has-post-thumbnail","6":"product_cat-repuestos-de-goma-y-metal-goma","8":"first","9":"instock","10":"featured","11":"shipping-taxable","12":"purchasable","13":"product-type-simple"},"acf":[],"_links":{"self":[{"href":"https:\/\/gervasi.cl\/index.php\/wp-json\/wp\/v2\/product\/8464","targetHints":{"allow":["GET"]}}],"collection":[{"href":"https:\/\/gervasi.cl\/index.php\/wp-json\/wp\/v2\/product"}],"about":[{"href":"https:\/\/gervasi.cl\/index.php\/wp-json\/wp\/v2\/types\/product"}],"replies":[{"embeddable":true,"href":"https:\/\/gervasi.cl\/index.php\/wp-json\/wp\/v2\/comments?post=8464"}],"wp:featuredmedia":[{"embeddable":true,"href":"https:\/\/gervasi.cl\/index.php\/wp-json\/wp\/v2\/media\/8467"}],"wp:attachment":[{"href":"https:\/\/gervasi.cl\/index.php\/wp-json\/wp\/v2\/media?parent=8464"}],"wp:term":[{"taxonomy":"product_brand","embeddable":true,"href":"https:\/\/gervasi.cl\/index.php\/wp-json\/wp\/v2\/product_brand?post=8464"},{"taxonomy":"product_cat","embeddable":true,"href":"https:\/\/gervasi.cl\/index.php\/wp-json\/wp\/v2\/product_cat?post=8464"},{"taxonomy":"product_tag","embeddable":true,"href":"https:\/\/gervasi.cl\/index.php\/wp-json\/wp\/v2\/product_tag?post=8464"}],"curies":[{"name":"wp","href":"https:\/\/api.w.org\/{rel}","templated":true}]}}