{"id":8436,"date":"2023-10-16T19:45:10","date_gmt":"2023-10-16T19:45:10","guid":{"rendered":"https:\/\/gervasi.cl\/?post_type=product&#038;p=8436"},"modified":"2026-05-05T20:31:29","modified_gmt":"2026-05-05T20:31:29","slug":"sello-hallite","status":"publish","type":"product","link":"https:\/\/gervasi.cl\/index.php\/producto\/sello-hallite\/","title":{"rendered":"Sello Hallite"},"content":{"rendered":"<p>Tipo de sello de distintos modelos utilizados en pistones y v\u00e1stago de cilindros hidr\u00e1ulicos y neum\u00e1ticos.<\/p>\n","protected":false},"excerpt":{"rendered":"<p>Tipo de sello de distintos modelos utilizados en pistones y v\u00e1stago de cilindros hidr\u00e1ulicos y neum\u00e1ticos.<\/p>\n","protected":false},"featured_media":8438,"comment_status":"open","ping_status":"closed","template":"","meta":[],"product_brand":[],"product_cat":[70],"product_tag":[],"class_list":{"0":"post-8436","1":"product","2":"type-product","3":"status-publish","4":"has-post-thumbnail","6":"product_cat-repuestos-de-goma-y-metal-goma","8":"first","9":"instock","10":"featured","11":"shipping-taxable","12":"purchasable","13":"product-type-simple"},"acf":[],"_links":{"self":[{"href":"https:\/\/gervasi.cl\/index.php\/wp-json\/wp\/v2\/product\/8436","targetHints":{"allow":["GET"]}}],"collection":[{"href":"https:\/\/gervasi.cl\/index.php\/wp-json\/wp\/v2\/product"}],"about":[{"href":"https:\/\/gervasi.cl\/index.php\/wp-json\/wp\/v2\/types\/product"}],"replies":[{"embeddable":true,"href":"https:\/\/gervasi.cl\/index.php\/wp-json\/wp\/v2\/comments?post=8436"}],"wp:featuredmedia":[{"embeddable":true,"href":"https:\/\/gervasi.cl\/index.php\/wp-json\/wp\/v2\/media\/8438"}],"wp:attachment":[{"href":"https:\/\/gervasi.cl\/index.php\/wp-json\/wp\/v2\/media?parent=8436"}],"wp:term":[{"taxonomy":"product_brand","embeddable":true,"href":"https:\/\/gervasi.cl\/index.php\/wp-json\/wp\/v2\/product_brand?post=8436"},{"taxonomy":"product_cat","embeddable":true,"href":"https:\/\/gervasi.cl\/index.php\/wp-json\/wp\/v2\/product_cat?post=8436"},{"taxonomy":"product_tag","embeddable":true,"href":"https:\/\/gervasi.cl\/index.php\/wp-json\/wp\/v2\/product_tag?post=8436"}],"curies":[{"name":"wp","href":"https:\/\/api.w.org\/{rel}","templated":true}]}}