{"id":8417,"date":"2023-10-16T19:33:10","date_gmt":"2023-10-16T19:33:10","guid":{"rendered":"https:\/\/gervasi.cl\/?post_type=product&#038;p=8417"},"modified":"2026-04-28T18:35:11","modified_gmt":"2026-04-28T18:35:11","slug":"medidor-de-o-ring","status":"publish","type":"product","link":"https:\/\/gervasi.cl\/index.php\/producto\/medidor-de-o-ring\/","title":{"rendered":"Medidor de O-Ring"},"content":{"rendered":"<p>Es un sistema manual de medici\u00f3n de O\u00b4ring, logra identificar de manera sencilla, todos los tama\u00f1os estandarizados seg\u00fan norma: AS-568. La serie 2-xxx, hace menci\u00f3n a los O\u00b4ring con los siguientes di\u00e1metros : 1.78 \/ 2.62 \/ 3.53 \/ 5.33 \/ 6.99<\/p>\n","protected":false},"excerpt":{"rendered":"<p>Es un sistema manual de medici\u00f3n de O\u00b4ring, logra identificar de manera sencilla, todos los tama\u00f1os estandarizados seg\u00fan norma: AS-568. La serie 2-xxx, hace menci\u00f3n a los O\u00b4ring con los siguientes di\u00e1metros : 1.78 \/ 2.62 \/ 3.53 \/ 5.33 \/ 6.99<\/p>\n","protected":false},"featured_media":8418,"comment_status":"open","ping_status":"closed","template":"","meta":[],"product_brand":[],"product_cat":[77,71],"product_tag":[],"class_list":{"0":"post-8417","1":"product","2":"type-product","3":"status-publish","4":"has-post-thumbnail","6":"product_cat-herramientas","7":"product_cat-repuestos-y-herramientas","9":"first","10":"instock","11":"shipping-taxable","12":"purchasable","13":"product-type-simple"},"acf":[],"_links":{"self":[{"href":"https:\/\/gervasi.cl\/index.php\/wp-json\/wp\/v2\/product\/8417","targetHints":{"allow":["GET"]}}],"collection":[{"href":"https:\/\/gervasi.cl\/index.php\/wp-json\/wp\/v2\/product"}],"about":[{"href":"https:\/\/gervasi.cl\/index.php\/wp-json\/wp\/v2\/types\/product"}],"replies":[{"embeddable":true,"href":"https:\/\/gervasi.cl\/index.php\/wp-json\/wp\/v2\/comments?post=8417"}],"wp:featuredmedia":[{"embeddable":true,"href":"https:\/\/gervasi.cl\/index.php\/wp-json\/wp\/v2\/media\/8418"}],"wp:attachment":[{"href":"https:\/\/gervasi.cl\/index.php\/wp-json\/wp\/v2\/media?parent=8417"}],"wp:term":[{"taxonomy":"product_brand","embeddable":true,"href":"https:\/\/gervasi.cl\/index.php\/wp-json\/wp\/v2\/product_brand?post=8417"},{"taxonomy":"product_cat","embeddable":true,"href":"https:\/\/gervasi.cl\/index.php\/wp-json\/wp\/v2\/product_cat?post=8417"},{"taxonomy":"product_tag","embeddable":true,"href":"https:\/\/gervasi.cl\/index.php\/wp-json\/wp\/v2\/product_tag?post=8417"}],"curies":[{"name":"wp","href":"https:\/\/api.w.org\/{rel}","templated":true}]}}