{"id":8358,"date":"2023-10-16T17:56:00","date_gmt":"2023-10-16T17:56:00","guid":{"rendered":"https:\/\/gervasi.cl\/?post_type=product&#038;p=8358"},"modified":"2026-05-05T20:32:30","modified_gmt":"2026-05-05T20:32:30","slug":"sello-valvula","status":"publish","type":"product","link":"https:\/\/gervasi.cl\/index.php\/producto\/sello-valvula\/","title":{"rendered":"Sello v\u00e1lvula"},"content":{"rendered":"<p>Sello de v\u00e1lvula milim\u00e9trica y en pulgada.<br \/>\nSe fabrican en diferentes materiales como EPDM, Silicona y<br \/>\nViton. Material y producto certificado por la FDA y de grado alimentario.<\/p>\n","protected":false},"excerpt":{"rendered":"<p>Sello de v\u00e1lvula milim\u00e9trica y en pulgada. Se fabrican en diferentes materiales como EPDM, Silicona y Viton. Material y producto certificado por la FDA y de grado alimentario.<\/p>\n","protected":false},"featured_media":8359,"comment_status":"open","ping_status":"closed","template":"","meta":[],"product_brand":[],"product_cat":[70],"product_tag":[],"class_list":{"0":"post-8358","1":"product","2":"type-product","3":"status-publish","4":"has-post-thumbnail","6":"product_cat-repuestos-de-goma-y-metal-goma","8":"first","9":"instock","10":"shipping-taxable","11":"purchasable","12":"product-type-simple"},"acf":[],"_links":{"self":[{"href":"https:\/\/gervasi.cl\/index.php\/wp-json\/wp\/v2\/product\/8358","targetHints":{"allow":["GET"]}}],"collection":[{"href":"https:\/\/gervasi.cl\/index.php\/wp-json\/wp\/v2\/product"}],"about":[{"href":"https:\/\/gervasi.cl\/index.php\/wp-json\/wp\/v2\/types\/product"}],"replies":[{"embeddable":true,"href":"https:\/\/gervasi.cl\/index.php\/wp-json\/wp\/v2\/comments?post=8358"}],"wp:featuredmedia":[{"embeddable":true,"href":"https:\/\/gervasi.cl\/index.php\/wp-json\/wp\/v2\/media\/8359"}],"wp:attachment":[{"href":"https:\/\/gervasi.cl\/index.php\/wp-json\/wp\/v2\/media?parent=8358"}],"wp:term":[{"taxonomy":"product_brand","embeddable":true,"href":"https:\/\/gervasi.cl\/index.php\/wp-json\/wp\/v2\/product_brand?post=8358"},{"taxonomy":"product_cat","embeddable":true,"href":"https:\/\/gervasi.cl\/index.php\/wp-json\/wp\/v2\/product_cat?post=8358"},{"taxonomy":"product_tag","embeddable":true,"href":"https:\/\/gervasi.cl\/index.php\/wp-json\/wp\/v2\/product_tag?post=8358"}],"curies":[{"name":"wp","href":"https:\/\/api.w.org\/{rel}","templated":true}]}}