{"id":8343,"date":"2023-10-16T17:43:05","date_gmt":"2023-10-16T17:43:05","guid":{"rendered":"https:\/\/gervasi.cl\/?post_type=product&#038;p=8343"},"modified":"2026-05-05T20:30:51","modified_gmt":"2026-05-05T20:30:51","slug":"retenes","status":"publish","type":"product","link":"https:\/\/gervasi.cl\/index.php\/producto\/retenes\/","title":{"rendered":"Retenes"},"content":{"rendered":"<p>La funci\u00f3n fundamental de un ret\u00e9n es evitar la infiltraci\u00f3n de diversos medios entre las superficies que se encuentran en contacto, ya sean estacionarias o m\u00f3viles.<br \/>\nFabricamos retenes personalizados de diversas tipos y geometr\u00edas, dise\u00f1ados espec\u00edficamente para soportar condiciones de alta presi\u00f3n.<\/p>\n","protected":false},"excerpt":{"rendered":"<p>La funci\u00f3n fundamental de un ret\u00e9n es evitar la infiltraci\u00f3n de diversos medios entre las superficies que se encuentran en contacto, ya sean estacionarias o m\u00f3viles. Fabricamos retenes personalizados de diversas tipos y geometr\u00edas, dise\u00f1ados espec\u00edficamente para soportar condiciones de alta presi\u00f3n.<\/p>\n","protected":false},"featured_media":8345,"comment_status":"open","ping_status":"closed","template":"","meta":[],"product_brand":[],"product_cat":[70],"product_tag":[],"class_list":{"0":"post-8343","1":"product","2":"type-product","3":"status-publish","4":"has-post-thumbnail","6":"product_cat-repuestos-de-goma-y-metal-goma","8":"first","9":"instock","10":"shipping-taxable","11":"purchasable","12":"product-type-simple"},"acf":[],"_links":{"self":[{"href":"https:\/\/gervasi.cl\/index.php\/wp-json\/wp\/v2\/product\/8343","targetHints":{"allow":["GET"]}}],"collection":[{"href":"https:\/\/gervasi.cl\/index.php\/wp-json\/wp\/v2\/product"}],"about":[{"href":"https:\/\/gervasi.cl\/index.php\/wp-json\/wp\/v2\/types\/product"}],"replies":[{"embeddable":true,"href":"https:\/\/gervasi.cl\/index.php\/wp-json\/wp\/v2\/comments?post=8343"}],"wp:featuredmedia":[{"embeddable":true,"href":"https:\/\/gervasi.cl\/index.php\/wp-json\/wp\/v2\/media\/8345"}],"wp:attachment":[{"href":"https:\/\/gervasi.cl\/index.php\/wp-json\/wp\/v2\/media?parent=8343"}],"wp:term":[{"taxonomy":"product_brand","embeddable":true,"href":"https:\/\/gervasi.cl\/index.php\/wp-json\/wp\/v2\/product_brand?post=8343"},{"taxonomy":"product_cat","embeddable":true,"href":"https:\/\/gervasi.cl\/index.php\/wp-json\/wp\/v2\/product_cat?post=8343"},{"taxonomy":"product_tag","embeddable":true,"href":"https:\/\/gervasi.cl\/index.php\/wp-json\/wp\/v2\/product_tag?post=8343"}],"curies":[{"name":"wp","href":"https:\/\/api.w.org\/{rel}","templated":true}]}}