{"id":8322,"date":"2023-10-16T17:25:21","date_gmt":"2023-10-16T17:25:21","guid":{"rendered":"https:\/\/gervasi.cl\/?post_type=product&#038;p=8322"},"modified":"2026-03-17T07:21:27","modified_gmt":"2026-03-17T07:21:27","slug":"membrana-y-diafragma","status":"publish","type":"product","link":"https:\/\/gervasi.cl\/index.php\/producto\/membrana-y-diafragma\/","title":{"rendered":"Membrana y diafragma"},"content":{"rendered":"<p>Este repuesto es un disco redondo que se utiliza en las bombas neum\u00e1ticas y mec\u00e1nicas dise\u00f1ado para transferir todo tipo de fluidos de viscosidad baja, media o alta. Se fabrican en materiales como NBR, EPDM, tefl\u00f3n y vit\u00f3n.<\/p>\n","protected":false},"excerpt":{"rendered":"<p>Este repuesto es un disco redondo que se utiliza en las bombas neum\u00e1ticas y mec\u00e1nicas dise\u00f1ado para transferir todo tipo de fluidos de viscosidad baja, media o alta. Se fabrican en materiales como NBR, EPDM, tefl\u00f3n y vit\u00f3n.<\/p>\n","protected":false},"featured_media":8323,"comment_status":"open","ping_status":"closed","template":"","meta":[],"product_brand":[],"product_cat":[70],"product_tag":[],"class_list":{"0":"post-8322","1":"product","2":"type-product","3":"status-publish","4":"has-post-thumbnail","6":"product_cat-repuestos-de-goma-y-metal-goma","8":"first","9":"instock","10":"featured","11":"shipping-taxable","12":"purchasable","13":"product-type-simple"},"acf":[],"_links":{"self":[{"href":"https:\/\/gervasi.cl\/index.php\/wp-json\/wp\/v2\/product\/8322","targetHints":{"allow":["GET"]}}],"collection":[{"href":"https:\/\/gervasi.cl\/index.php\/wp-json\/wp\/v2\/product"}],"about":[{"href":"https:\/\/gervasi.cl\/index.php\/wp-json\/wp\/v2\/types\/product"}],"replies":[{"embeddable":true,"href":"https:\/\/gervasi.cl\/index.php\/wp-json\/wp\/v2\/comments?post=8322"}],"wp:featuredmedia":[{"embeddable":true,"href":"https:\/\/gervasi.cl\/index.php\/wp-json\/wp\/v2\/media\/8323"}],"wp:attachment":[{"href":"https:\/\/gervasi.cl\/index.php\/wp-json\/wp\/v2\/media?parent=8322"}],"wp:term":[{"taxonomy":"product_brand","embeddable":true,"href":"https:\/\/gervasi.cl\/index.php\/wp-json\/wp\/v2\/product_brand?post=8322"},{"taxonomy":"product_cat","embeddable":true,"href":"https:\/\/gervasi.cl\/index.php\/wp-json\/wp\/v2\/product_cat?post=8322"},{"taxonomy":"product_tag","embeddable":true,"href":"https:\/\/gervasi.cl\/index.php\/wp-json\/wp\/v2\/product_tag?post=8322"}],"curies":[{"name":"wp","href":"https:\/\/api.w.org\/{rel}","templated":true}]}}