{"id":8552,"date":"2023-11-13T19:17:48","date_gmt":"2023-11-13T19:17:48","guid":{"rendered":"https:\/\/gervasi.cl\/?page_id=8552"},"modified":"2025-12-31T14:35:55","modified_gmt":"2025-12-31T14:35:55","slug":"novedades","status":"publish","type":"page","link":"https:\/\/gervasi.cl\/index.php\/novedades\/","title":{"rendered":"Novedades"},"content":{"rendered":"<section class=\"l-section wpb_row height_small\"><div class=\"l-section-h i-cf\"><div class=\"g-cols vc_row via_flex valign_top type_default stacking_default\"><div class=\"vc_col-sm-12 wpb_column vc_column_container\"><div class=\"vc_column-inner\"><div class=\"wpb_wrapper\"><h1 class=\"w-post-elm post_title align_center entry-title color_link_inherit\">Novedades<\/h1><\/div><\/div><\/div><\/div><\/div><\/section><section class=\"l-section wpb_row height_small\"><div class=\"l-section-h i-cf\"><div class=\"g-cols vc_row via_flex valign_top type_default stacking_default\"><div class=\"vc_col-sm-4 wpb_column vc_column_container\"><div class=\"vc_column-inner\"><div class=\"wpb_wrapper\"><form class=\"w-filter for_grid state_desktop layout_ver items_1\" action onsubmit=\"return false;\" onclick='return {&quot;filterPrefix&quot;:&quot;filter&quot;,&quot;hideDisabledValues&quot;:false,&quot;layout&quot;:&quot;ver&quot;,&quot;mobileWidth&quot;:600,&quot;use_grid&quot;:&quot;first&quot;,&quot;gridNotFoundMessage&quot;:&quot;Nothing to filter. Add a suitable Grid to this page.&quot;}'><div class=\"w-filter-list\"><div class=\"w-filter-list-title\">Filtros<\/div><button class=\"w-filter-list-closer\" title=\"Cerrar\" aria=label=\"Cerrar\"><\/button><div class=\"w-filter-item type_checkbox\" data-source=\"tax|category\"><button class=\"w-filter-item-title\">Categor\u00eda<span><\/span><\/button><a class=\"w-filter-item-reset\" href=\"#\" title=\"Reiniciar\"><span>Reiniciar<\/span><\/a><div class=\"w-filter-item-values\" data-maxheight=\"40vh\" style=\"max-height:40vh\"><div class=\"w-filter-item-value\" data-item-amount=\"11\"><label><input type=\"checkbox\" value=\"blog\" name=\"filter_category\"><span class=\"w-filter-item-value-label\">BLOG<\/span><\/label><\/div><div class=\"w-filter-item-value\" data-item-amount=\"15\"><label><input type=\"checkbox\" value=\"gomas-industriales-2\" name=\"filter_category\"><span class=\"w-filter-item-value-label\">GOMAS INDUSTRIALES<\/span><\/label><\/div><div class=\"w-filter-item-value\" data-item-amount=\"8\"><label><input type=\"checkbox\" value=\"repuestos-industriales-2\" name=\"filter_category\"><span class=\"w-filter-item-value-label\">REPUESTOS INDUSTRIALES<\/span><\/label><\/div><div class=\"w-filter-item-value\" data-item-amount=\"15\"><label><input type=\"checkbox\" value=\"sellos-industriales-2\" name=\"filter_category\"><span class=\"w-filter-item-value-label\">SELLOS INDUSTRIALES<\/span><\/label><\/div><div class=\"w-filter-item-value\" data-item-amount=\"1\"><label><input type=\"checkbox\" value=\"sin-categoria\" name=\"filter_category\"><span class=\"w-filter-item-value-label\">Sin categor\u00eda<\/span><\/label><\/div><\/div><\/div><\/div><div class=\"w-filter-list-panel\"><button class=\"w-btn us-btn-style_1\"><span class=\"w-btn-label\">Aplicar<\/span><\/button><\/div><style>@media( max-width:600px ){.w-filter.state_desktop .w-filter-list,.w-filter-item-title>span{display:none}.w-filter-opener{display:inline-block}}<\/style><button class=\"w-filter-opener\"><span>Filtros<\/span><\/button><div class=\"w-filter-json-filters-args hidden\" onclick='return {&quot;taxonomies_query_args&quot;:{&quot;tax|category&quot;:{&quot;blog&quot;:{&quot;fields&quot;:&quot;ids&quot;,&quot;nopaging&quot;:true,&quot;post_status&quot;:[&quot;publish&quot;,&quot;acf-disabled&quot;,&quot;wc-gplsquote-req&quot;,&quot;inherit&quot;],&quot;post_type&quot;:[],&quot;posts_per_page&quot;:1,&quot;suppress_filters&quot;:true,&quot;tax_query&quot;:[{&quot;taxonomy&quot;:&quot;category&quot;,&quot;field&quot;:&quot;slug&quot;,&quot;terms&quot;:&quot;blog&quot;}]},&quot;gomas-industriales-2&quot;:{&quot;fields&quot;:&quot;ids&quot;,&quot;nopaging&quot;:true,&quot;post_status&quot;:[&quot;publish&quot;,&quot;acf-disabled&quot;,&quot;wc-gplsquote-req&quot;,&quot;inherit&quot;],&quot;post_type&quot;:[],&quot;posts_per_page&quot;:1,&quot;suppress_filters&quot;:true,&quot;tax_query&quot;:[{&quot;taxonomy&quot;:&quot;category&quot;,&quot;field&quot;:&quot;slug&quot;,&quot;terms&quot;:&quot;gomas-industriales-2&quot;}]},&quot;repuestos-industriales-2&quot;:{&quot;fields&quot;:&quot;ids&quot;,&quot;nopaging&quot;:true,&quot;post_status&quot;:[&quot;publish&quot;,&quot;acf-disabled&quot;,&quot;wc-gplsquote-req&quot;,&quot;inherit&quot;],&quot;post_type&quot;:[],&quot;posts_per_page&quot;:1,&quot;suppress_filters&quot;:true,&quot;tax_query&quot;:[{&quot;taxonomy&quot;:&quot;category&quot;,&quot;field&quot;:&quot;slug&quot;,&quot;terms&quot;:&quot;repuestos-industriales-2&quot;}]},&quot;sellos-industriales-2&quot;:{&quot;fields&quot;:&quot;ids&quot;,&quot;nopaging&quot;:true,&quot;post_status&quot;:[&quot;publish&quot;,&quot;acf-disabled&quot;,&quot;wc-gplsquote-req&quot;,&quot;inherit&quot;],&quot;post_type&quot;:[],&quot;posts_per_page&quot;:1,&quot;suppress_filters&quot;:true,&quot;tax_query&quot;:[{&quot;taxonomy&quot;:&quot;category&quot;,&quot;field&quot;:&quot;slug&quot;,&quot;terms&quot;:&quot;sellos-industriales-2&quot;}]},&quot;sin-categoria&quot;:{&quot;fields&quot;:&quot;ids&quot;,&quot;nopaging&quot;:true,&quot;post_status&quot;:[&quot;publish&quot;,&quot;acf-disabled&quot;,&quot;wc-gplsquote-req&quot;,&quot;inherit&quot;],&quot;post_type&quot;:[],&quot;posts_per_page&quot;:1,&quot;suppress_filters&quot;:true,&quot;tax_query&quot;:[{&quot;taxonomy&quot;:&quot;category&quot;,&quot;field&quot;:&quot;slug&quot;,&quot;terms&quot;:&quot;sin-categoria&quot;}]}}}}'><\/div><\/form><\/div><\/div><\/div><div class=\"vc_col-sm-8 wpb_column vc_column_container\"><div class=\"vc_column-inner\"><div class=\"wpb_wrapper\"><div class=\"w-grid novedades type_grid layout_blog_9 cols_2 pagination_regular overflow_hidden\" id=\"us_grid_1\" style=\"--gap:1.5rem;\" data-filterable=\"true\"><style>@media (max-width:600px){#us_grid_1 .w-grid-list{margin:0}#us_grid_1 .w-grid-item{width:100%;padding:0;margin-bottom:var(--gap,0px)}}.layout_blog_9 .w-grid-item-h{background:var(--color-content-bg);color:var(--color-content-heading);border-radius:0.3rem;box-shadow:0 0.03rem 0.06rem rgba(0,0,0,0.1),0 0.1rem 0.3rem rgba(0,0,0,0.1);transition-duration:0.3s}.no-touch .layout_blog_9 .w-grid-item-h:hover{box-shadow:0 0.12rem 0.24rem rgba(0,0,0,0.1),0 0.4rem 1.2rem rgba(0,0,0,0.15);z-index:4}.layout_blog_9 .usg_vwrapper_1{padding:5% 8% 8% 8%!important}.layout_blog_9 .usg_hwrapper_1{margin-bottom:0.2rem!important}.layout_blog_9 .usg_post_taxonomy_1{font-size:0.8rem!important;font-weight:700!important;text-transform:uppercase!important;margin-right:0.6rem!important}.layout_blog_9 .usg_post_date_1{color:var(--color-content-faded)!important;font-size:0.8rem!important;margin-bottom:0.3rem!important}.layout_blog_9 .usg_post_title_1{color:inherit!important;font-weight:700!important;font-size:1.4rem!important}@media (max-width:600px){.layout_blog_9 .usg_post_title_1{font-size:1.2rem!important}}<\/style><div class=\"w-grid-list\">\t<article class=\"w-grid-item size_1x1 post-9293 post type-post status-publish format-standard hentry category-blog\" data-id=\"9293\">\r\n\t\t<div class=\"w-grid-item-h\">\r\n\t\t\t\t\t\t<div class=\"w-vwrapper usg_vwrapper_1 align_none valign_top\"><div class=\"w-hwrapper usg_hwrapper_1 align_none valign_top wrap\"><div class=\"w-post-elm post_taxonomy usg_post_taxonomy_1 style_simple\"><a class=\"term-85 term-blog\" href=\"https:\/\/gervasi.cl\/index.php\/category\/blog\/\">BLOG<\/a><\/div><time class=\"w-post-elm post_date usg_post_date_1 has_text_color entry-date published\" datetime=\"2026-02-26T10:00:47+00:00\" title=\"26 febrero 2026 a las 10:00:47 +00:00\">hace 2 meses<\/time><\/div><h2 class=\"w-post-elm post_title usg_post_title_1 has_text_color entry-title color_link_inherit\"><a href=\"https:\/\/gervasi.cl\/index.php\/mecanizado-cnc-industrial-en-santiago-precision-y-eficiencia-para-piezas-hidraulicas\/\">Mecanizado CNC industrial en Santiago: precisi\u00f3n y eficiencia para piezas hidr\u00e1ulicas<\/a><\/h2><\/div>\t\t<\/div>\r\n\t\t\t<\/article>\r\n\t<article class=\"w-grid-item size_1x1 post-9291 post type-post status-publish format-standard has-post-thumbnail hentry category-blog\" data-id=\"9291\">\r\n\t\t<div class=\"w-grid-item-h\">\r\n\t\t\t\t\t\t<div class=\"w-post-elm post_image usg_post_image_1 stretched\"><a href=\"https:\/\/gervasi.cl\/index.php\/fabricacion-de-sellos-especiales-en-santiago-soluciones-a-medida-para-la-industria\/\" aria-label=\"Fabricaci\u00f3n de sellos especiales en Santiago: soluciones a medida para la industria\"><img decoding=\"async\" width=\"490\" height=\"315\" data-src=\"https:\/\/gervasi.cl\/wp-content\/uploads\/2024\/04\/fab_cilindros04.jpg\" class=\"attachment-large size-large wp-post-image lazyload\" alt=\"\" data-srcset=\"https:\/\/gervasi.cl\/wp-content\/uploads\/2024\/04\/fab_cilindros04.jpg 490w, https:\/\/gervasi.cl\/wp-content\/uploads\/2024\/04\/fab_cilindros04-300x193.jpg 300w, https:\/\/gervasi.cl\/wp-content\/uploads\/2024\/04\/fab_cilindros04-100x64.jpg 100w\" data-sizes=\"(max-width: 490px) 100vw, 490px\" src=\"data:image\/svg+xml;base64,PHN2ZyB3aWR0aD0iMSIgaGVpZ2h0PSIxIiB4bWxucz0iaHR0cDovL3d3dy53My5vcmcvMjAwMC9zdmciPjwvc3ZnPg==\" style=\"--smush-placeholder-width: 490px; --smush-placeholder-aspect-ratio: 490\/315;\" \/><\/a><\/div><div class=\"w-vwrapper usg_vwrapper_1 align_none valign_top\"><div class=\"w-hwrapper usg_hwrapper_1 align_none valign_top wrap\"><div class=\"w-post-elm post_taxonomy usg_post_taxonomy_1 style_simple\"><a class=\"term-85 term-blog\" href=\"https:\/\/gervasi.cl\/index.php\/category\/blog\/\">BLOG<\/a><\/div><time class=\"w-post-elm post_date usg_post_date_1 has_text_color entry-date published\" datetime=\"2026-02-24T10:00:10+00:00\" title=\"24 febrero 2026 a las 10:00:10 +00:00\">hace 2 meses<\/time><\/div><h2 class=\"w-post-elm post_title usg_post_title_1 has_text_color entry-title color_link_inherit\"><a href=\"https:\/\/gervasi.cl\/index.php\/fabricacion-de-sellos-especiales-en-santiago-soluciones-a-medida-para-la-industria\/\">Fabricaci\u00f3n de sellos especiales en Santiago: soluciones a medida para la industria<\/a><\/h2><\/div>\t\t<\/div>\r\n\t\t\t<\/article>\r\n\t<article class=\"w-grid-item size_1x1 post-9307 post type-post status-publish format-standard hentry category-blog\" data-id=\"9307\">\r\n\t\t<div class=\"w-grid-item-h\">\r\n\t\t\t\t\t\t<div class=\"w-vwrapper usg_vwrapper_1 align_none valign_top\"><div class=\"w-hwrapper usg_hwrapper_1 align_none valign_top wrap\"><div class=\"w-post-elm post_taxonomy usg_post_taxonomy_1 style_simple\"><a class=\"term-85 term-blog\" href=\"https:\/\/gervasi.cl\/index.php\/category\/blog\/\">BLOG<\/a><\/div><time class=\"w-post-elm post_date usg_post_date_1 has_text_color entry-date published\" datetime=\"2026-02-23T14:17:25+00:00\" title=\"23 febrero 2026 a las 14:17:25 +00:00\">hace 2 meses<\/time><\/div><h2 class=\"w-post-elm post_title usg_post_title_1 has_text_color entry-title color_link_inherit\"><a href=\"https:\/\/gervasi.cl\/index.php\/reten-componente-clave-para-evitar-fugas-y-prolongar-la-vida-util-de-tus-equipos\/\">Ret\u00e9n: componente clave para evitar fugas y prolongar la vida \u00fatil de tus equipos<\/a><\/h2><\/div>\t\t<\/div>\r\n\t\t\t<\/article>\r\n\t<article class=\"w-grid-item size_1x1 post-9305 post type-post status-publish format-standard hentry category-blog\" data-id=\"9305\">\r\n\t\t<div class=\"w-grid-item-h\">\r\n\t\t\t\t\t\t<div class=\"w-vwrapper usg_vwrapper_1 align_none valign_top\"><div class=\"w-hwrapper usg_hwrapper_1 align_none valign_top wrap\"><div class=\"w-post-elm post_taxonomy usg_post_taxonomy_1 style_simple\"><a class=\"term-85 term-blog\" href=\"https:\/\/gervasi.cl\/index.php\/category\/blog\/\">BLOG<\/a><\/div><time class=\"w-post-elm post_date usg_post_date_1 has_text_color entry-date published\" datetime=\"2026-02-23T14:16:07+00:00\" title=\"23 febrero 2026 a las 14:16:07 +00:00\">hace 2 meses<\/time><\/div><h2 class=\"w-post-elm post_title usg_post_title_1 has_text_color entry-title color_link_inherit\"><a href=\"https:\/\/gervasi.cl\/index.php\/kit-de-sellos-solucion-integral-para-reparacion-de-cilindros-hidraulicos\/\">Kit de sellos: soluci\u00f3n integral para reparaci\u00f3n de cilindros hidr\u00e1ulicos<\/a><\/h2><\/div>\t\t<\/div>\r\n\t\t\t<\/article>\r\n\t<article class=\"w-grid-item size_1x1 post-9303 post type-post status-publish format-standard hentry category-blog\" data-id=\"9303\">\r\n\t\t<div class=\"w-grid-item-h\">\r\n\t\t\t\t\t\t<div class=\"w-vwrapper usg_vwrapper_1 align_none valign_top\"><div class=\"w-hwrapper usg_hwrapper_1 align_none valign_top wrap\"><div class=\"w-post-elm post_taxonomy usg_post_taxonomy_1 style_simple\"><a class=\"term-85 term-blog\" href=\"https:\/\/gervasi.cl\/index.php\/category\/blog\/\">BLOG<\/a><\/div><time class=\"w-post-elm post_date usg_post_date_1 has_text_color entry-date published\" datetime=\"2026-02-23T14:14:50+00:00\" title=\"23 febrero 2026 a las 14:14:50 +00:00\">hace 2 meses<\/time><\/div><h2 class=\"w-post-elm post_title usg_post_title_1 has_text_color entry-title color_link_inherit\"><a href=\"https:\/\/gervasi.cl\/index.php\/oring-industrial-soluciones-de-sellado-eficientes-para-sistemas-hidraulicos-y-neumaticos\/\">O\u00b4Ring industrial: soluciones de sellado eficientes para sistemas hidr\u00e1ulicos y neum\u00e1ticos<\/a><\/h2><\/div>\t\t<\/div>\r\n\t\t\t<\/article>\r\n\t<article class=\"w-grid-item size_1x1 post-9301 post type-post status-publish format-standard hentry category-blog\" data-id=\"9301\">\r\n\t\t<div class=\"w-grid-item-h\">\r\n\t\t\t\t\t\t<div class=\"w-vwrapper usg_vwrapper_1 align_none valign_top\"><div class=\"w-hwrapper usg_hwrapper_1 align_none valign_top wrap\"><div class=\"w-post-elm post_taxonomy usg_post_taxonomy_1 style_simple\"><a class=\"term-85 term-blog\" href=\"https:\/\/gervasi.cl\/index.php\/category\/blog\/\">BLOG<\/a><\/div><time class=\"w-post-elm post_date usg_post_date_1 has_text_color entry-date published\" datetime=\"2026-02-23T14:13:00+00:00\" title=\"23 febrero 2026 a las 14:13:00 +00:00\">hace 2 meses<\/time><\/div><h2 class=\"w-post-elm post_title usg_post_title_1 has_text_color entry-title color_link_inherit\"><a href=\"https:\/\/gervasi.cl\/index.php\/todo-sobre-el-sello-hidraulico-funcion-tipos-y-aplicaciones-industriales\/\">Todo sobre el sello hidr\u00e1ulico: funci\u00f3n, tipos y aplicaciones industriales<\/a><\/h2><\/div>\t\t<\/div>\r\n\t\t\t<\/article>\r\n\t<article class=\"w-grid-item size_1x1 post-9287 post type-post status-publish format-standard has-post-thumbnail hentry category-sin-categoria\" data-id=\"9287\">\r\n\t\t<div class=\"w-grid-item-h\">\r\n\t\t\t\t\t\t<div class=\"w-post-elm post_image usg_post_image_1 stretched\"><a href=\"https:\/\/gervasi.cl\/index.php\/fabricacion-reparacion-y-mantencion-de-cilindros-hidraulicos-en-santiago\/\" aria-label=\"Fabricaci\u00f3n, reparaci\u00f3n y mantenci\u00f3n de cilindros hidr\u00e1ulicos en Santiago\"><img decoding=\"async\" width=\"300\" height=\"193\" data-src=\"https:\/\/gervasi.cl\/wp-content\/uploads\/2024\/04\/d7a332411e14769f300879cf8b1d4da6_XL.jpg\" class=\"attachment-large size-large wp-post-image lazyload\" alt=\"\" data-srcset=\"https:\/\/gervasi.cl\/wp-content\/uploads\/2024\/04\/d7a332411e14769f300879cf8b1d4da6_XL.jpg 300w, https:\/\/gervasi.cl\/wp-content\/uploads\/2024\/04\/d7a332411e14769f300879cf8b1d4da6_XL-100x64.jpg 100w\" data-sizes=\"(max-width: 300px) 100vw, 300px\" src=\"data:image\/svg+xml;base64,PHN2ZyB3aWR0aD0iMSIgaGVpZ2h0PSIxIiB4bWxucz0iaHR0cDovL3d3dy53My5vcmcvMjAwMC9zdmciPjwvc3ZnPg==\" style=\"--smush-placeholder-width: 300px; --smush-placeholder-aspect-ratio: 300\/193;\" \/><\/a><\/div><div class=\"w-vwrapper usg_vwrapper_1 align_none valign_top\"><div class=\"w-hwrapper usg_hwrapper_1 align_none valign_top wrap\"><div class=\"w-post-elm post_taxonomy usg_post_taxonomy_1 style_simple\"><a class=\"term-1 term-sin-categoria\" href=\"https:\/\/gervasi.cl\/index.php\/category\/sin-categoria\/\">Sin categor\u00eda<\/a><\/div><time class=\"w-post-elm post_date usg_post_date_1 has_text_color entry-date published\" datetime=\"2026-02-17T10:00:38+00:00\" title=\"17 febrero 2026 a las 10:00:38 +00:00\">hace 2 meses<\/time><\/div><h2 class=\"w-post-elm post_title usg_post_title_1 has_text_color entry-title color_link_inherit\"><a href=\"https:\/\/gervasi.cl\/index.php\/fabricacion-reparacion-y-mantencion-de-cilindros-hidraulicos-en-santiago\/\">Fabricaci\u00f3n, reparaci\u00f3n y mantenci\u00f3n de cilindros hidr\u00e1ulicos en Santiago<\/a><\/h2><\/div>\t\t<\/div>\r\n\t\t\t<\/article>\r\n\t<article class=\"w-grid-item size_1x1 post-9285 post type-post status-publish format-standard has-post-thumbnail hentry category-blog\" data-id=\"9285\">\r\n\t\t<div class=\"w-grid-item-h\">\r\n\t\t\t\t\t\t<div class=\"w-post-elm post_image usg_post_image_1 stretched\"><a href=\"https:\/\/gervasi.cl\/index.php\/fabricacion-y-reparacion-de-cilindros-hidraulicos-en-santiago-soluciones-industriales-confiables\/\" aria-label=\"Fabricaci\u00f3n y reparaci\u00f3n de cilindros hidr\u00e1ulicos en Santiago: soluciones industriales confiables\"><img decoding=\"async\" width=\"1024\" height=\"576\" data-src=\"https:\/\/gervasi.cl\/wp-content\/uploads\/2026\/02\/What-are-the-Major-Components-of-a-Hydraulic-Cylinder-1-1024x576.png\" class=\"attachment-large size-large wp-post-image lazyload\" alt=\"\" data-srcset=\"https:\/\/gervasi.cl\/wp-content\/uploads\/2026\/02\/What-are-the-Major-Components-of-a-Hydraulic-Cylinder-1-1024x576.png 1024w, https:\/\/gervasi.cl\/wp-content\/uploads\/2026\/02\/What-are-the-Major-Components-of-a-Hydraulic-Cylinder-1-300x169.png 300w, https:\/\/gervasi.cl\/wp-content\/uploads\/2026\/02\/What-are-the-Major-Components-of-a-Hydraulic-Cylinder-1-100x56.png 100w, https:\/\/gervasi.cl\/wp-content\/uploads\/2026\/02\/What-are-the-Major-Components-of-a-Hydraulic-Cylinder-1-711x400.png 711w, https:\/\/gervasi.cl\/wp-content\/uploads\/2026\/02\/What-are-the-Major-Components-of-a-Hydraulic-Cylinder-1-600x338.png 600w, https:\/\/gervasi.cl\/wp-content\/uploads\/2026\/02\/What-are-the-Major-Components-of-a-Hydraulic-Cylinder-1.png 1280w\" data-sizes=\"(max-width: 1024px) 100vw, 1024px\" src=\"data:image\/svg+xml;base64,PHN2ZyB3aWR0aD0iMSIgaGVpZ2h0PSIxIiB4bWxucz0iaHR0cDovL3d3dy53My5vcmcvMjAwMC9zdmciPjwvc3ZnPg==\" style=\"--smush-placeholder-width: 1024px; --smush-placeholder-aspect-ratio: 1024\/576;\" \/><\/a><\/div><div class=\"w-vwrapper usg_vwrapper_1 align_none valign_top\"><div class=\"w-hwrapper usg_hwrapper_1 align_none valign_top wrap\"><div class=\"w-post-elm post_taxonomy usg_post_taxonomy_1 style_simple\"><a class=\"term-85 term-blog\" href=\"https:\/\/gervasi.cl\/index.php\/category\/blog\/\">BLOG<\/a><\/div><time class=\"w-post-elm post_date usg_post_date_1 has_text_color entry-date published\" datetime=\"2026-02-11T20:28:19+00:00\" title=\"11 febrero 2026 a las 20:28:19 +00:00\">hace 2 meses<\/time><\/div><h2 class=\"w-post-elm post_title usg_post_title_1 has_text_color entry-title color_link_inherit\"><a href=\"https:\/\/gervasi.cl\/index.php\/fabricacion-y-reparacion-de-cilindros-hidraulicos-en-santiago-soluciones-industriales-confiables\/\">Fabricaci\u00f3n y reparaci\u00f3n de cilindros hidr\u00e1ulicos en Santiago: soluciones industriales confiables<\/a><\/h2><\/div>\t\t<\/div>\r\n\t\t\t<\/article>\r\n\t<article class=\"w-grid-item size_1x1 post-9273 post type-post status-publish format-standard has-post-thumbnail hentry category-blog\" data-id=\"9273\">\r\n\t\t<div class=\"w-grid-item-h\">\r\n\t\t\t\t\t\t<div class=\"w-post-elm post_image usg_post_image_1 stretched\"><a href=\"https:\/\/gervasi.cl\/index.php\/o-ring-que-es-para-que-se-utiliza-y-donde-comprar-o-ring-en-santiago\/\" aria-label=\"O-Ring: qu\u00e9 es, para qu\u00e9 se utiliza y d\u00f3nde comprar O-Ring en Santiago\"><img decoding=\"async\" width=\"490\" height=\"315\" data-src=\"https:\/\/gervasi.cl\/wp-content\/uploads\/2024\/04\/retenes01.jpg\" class=\"attachment-large size-large wp-post-image lazyload\" alt=\"\" data-srcset=\"https:\/\/gervasi.cl\/wp-content\/uploads\/2024\/04\/retenes01.jpg 490w, https:\/\/gervasi.cl\/wp-content\/uploads\/2024\/04\/retenes01-300x193.jpg 300w, https:\/\/gervasi.cl\/wp-content\/uploads\/2024\/04\/retenes01-100x64.jpg 100w\" data-sizes=\"(max-width: 490px) 100vw, 490px\" src=\"data:image\/svg+xml;base64,PHN2ZyB3aWR0aD0iMSIgaGVpZ2h0PSIxIiB4bWxucz0iaHR0cDovL3d3dy53My5vcmcvMjAwMC9zdmciPjwvc3ZnPg==\" style=\"--smush-placeholder-width: 490px; --smush-placeholder-aspect-ratio: 490\/315;\" \/><\/a><\/div><div class=\"w-vwrapper usg_vwrapper_1 align_none valign_top\"><div class=\"w-hwrapper usg_hwrapper_1 align_none valign_top wrap\"><div class=\"w-post-elm post_taxonomy usg_post_taxonomy_1 style_simple\"><a class=\"term-85 term-blog\" href=\"https:\/\/gervasi.cl\/index.php\/category\/blog\/\">BLOG<\/a><\/div><time class=\"w-post-elm post_date usg_post_date_1 has_text_color entry-date published\" datetime=\"2026-02-09T10:00:44+00:00\" title=\"9 febrero 2026 a las 10:00:44 +00:00\">hace 2 meses<\/time><\/div><h2 class=\"w-post-elm post_title usg_post_title_1 has_text_color entry-title color_link_inherit\"><a href=\"https:\/\/gervasi.cl\/index.php\/o-ring-que-es-para-que-se-utiliza-y-donde-comprar-o-ring-en-santiago\/\">O-Ring: qu\u00e9 es, para qu\u00e9 se utiliza y d\u00f3nde comprar O-Ring en Santiago<\/a><\/h2><\/div>\t\t<\/div>\r\n\t\t\t<\/article>\r\n\t<article class=\"w-grid-item size_1x1 post-9271 post type-post status-publish format-standard has-post-thumbnail hentry category-blog\" data-id=\"9271\">\r\n\t\t<div class=\"w-grid-item-h\">\r\n\t\t\t\t\t\t<div class=\"w-post-elm post_image usg_post_image_1 stretched\"><a href=\"https:\/\/gervasi.cl\/index.php\/fabricacion-de-piezas-especiales-repuestos-mecanizados-cnc-y-sellos-especiales-para-la-industria\/\" aria-label=\"Fabricaci\u00f3n de piezas especiales, repuestos mecanizados CNC y sellos especiales para la industria\"><img decoding=\"async\" width=\"300\" height=\"193\" data-src=\"https:\/\/gervasi.cl\/wp-content\/uploads\/2024\/04\/bd9435f235cb4005045f2e6c43e9346a_XL.jpg\" class=\"attachment-large size-large wp-post-image lazyload\" alt=\"\" data-srcset=\"https:\/\/gervasi.cl\/wp-content\/uploads\/2024\/04\/bd9435f235cb4005045f2e6c43e9346a_XL.jpg 300w, https:\/\/gervasi.cl\/wp-content\/uploads\/2024\/04\/bd9435f235cb4005045f2e6c43e9346a_XL-100x64.jpg 100w\" data-sizes=\"(max-width: 300px) 100vw, 300px\" src=\"data:image\/svg+xml;base64,PHN2ZyB3aWR0aD0iMSIgaGVpZ2h0PSIxIiB4bWxucz0iaHR0cDovL3d3dy53My5vcmcvMjAwMC9zdmciPjwvc3ZnPg==\" style=\"--smush-placeholder-width: 300px; --smush-placeholder-aspect-ratio: 300\/193;\" \/><\/a><\/div><div class=\"w-vwrapper usg_vwrapper_1 align_none valign_top\"><div class=\"w-hwrapper usg_hwrapper_1 align_none valign_top wrap\"><div class=\"w-post-elm post_taxonomy usg_post_taxonomy_1 style_simple\"><a class=\"term-85 term-blog\" href=\"https:\/\/gervasi.cl\/index.php\/category\/blog\/\">BLOG<\/a><\/div><time class=\"w-post-elm post_date usg_post_date_1 has_text_color entry-date published\" datetime=\"2026-02-06T22:20:09+00:00\" title=\"6 febrero 2026 a las 22:20:09 +00:00\">hace 2 meses<\/time><\/div><h2 class=\"w-post-elm post_title usg_post_title_1 has_text_color entry-title color_link_inherit\"><a href=\"https:\/\/gervasi.cl\/index.php\/fabricacion-de-piezas-especiales-repuestos-mecanizados-cnc-y-sellos-especiales-para-la-industria\/\">Fabricaci\u00f3n de piezas especiales, repuestos mecanizados CNC y sellos especiales para la industria<\/a><\/h2><\/div>\t\t<\/div>\r\n\t\t\t<\/article>\r\n<\/div><div class=\"w-grid-preloader\">\t<div class=\"g-preloader type_1\">\r\n\t\t<div><\/div>\r\n\t<\/div>\r\n\t<\/div>\t\t\t<nav class=\"pagination navigation\" role=\"navigation\">\r\n\t\t\t\t<div class=\"nav-links\">\r\n\t\t\t\t\t<span aria-label=\"P\u00e1gina 1\" aria-current=\"page\" class=\"page-numbers current\"><span>1<\/span><\/span>\n<a aria-label=\"P\u00e1gina 2\" class=\"page-numbers\" href=\"https:\/\/gervasi.cl\/index.php\/wp-json\/wp\/v2\/pages\/8552\/page\/2\/\"><span>2<\/span><\/a>\n<a aria-label=\"P\u00e1gina 3\" class=\"page-numbers\" href=\"https:\/\/gervasi.cl\/index.php\/wp-json\/wp\/v2\/pages\/8552\/page\/3\/\"><span>3<\/span><\/a>\n<a aria-label=\"P\u00e1gina 4\" class=\"page-numbers\" href=\"https:\/\/gervasi.cl\/index.php\/wp-json\/wp\/v2\/pages\/8552\/page\/4\/\"><span>4<\/span><\/a>\n<a aria-label=\"P\u00e1gina 5\" class=\"page-numbers\" href=\"https:\/\/gervasi.cl\/index.php\/wp-json\/wp\/v2\/pages\/8552\/page\/5\/\"><span>5<\/span><\/a>\n<a class=\"next page-numbers\" href=\"https:\/\/gervasi.cl\/index.php\/wp-json\/wp\/v2\/pages\/8552\/page\/2\/\"><span>Siguiente<\/span><\/a>\t\t\t\t<\/div>\r\n\t\t\t<\/nav>\r\n\t\t\t\t<div class=\"w-grid-json hidden\" onclick='return {&quot;action&quot;:&quot;us_ajax_grid&quot;,&quot;infinite_scroll&quot;:0,&quot;max_num_pages&quot;:5,&quot;pagination&quot;:&quot;regular&quot;,&quot;template_vars&quot;:{&quot;columns&quot;:&quot;2&quot;,&quot;exclude_items&quot;:&quot;none&quot;,&quot;img_size&quot;:&quot;default&quot;,&quot;ignore_items_size&quot;:0,&quot;items_layout&quot;:&quot;blog_9&quot;,&quot;items_offset&quot;:&quot;1&quot;,&quot;load_animation&quot;:&quot;none&quot;,&quot;overriding_link&quot;:&quot;{\\&quot;url\\&quot;:\\&quot;\\&quot;}&quot;,&quot;post_id&quot;:0,&quot;query_args&quot;:{&quot;post_type&quot;:[&quot;post&quot;],&quot;post_status&quot;:[&quot;publish&quot;,&quot;acf-disabled&quot;,&quot;wc-gplsquote-req&quot;],&quot;posts_per_page&quot;:&quot;10&quot;},&quot;orderby_query_args&quot;:{&quot;orderby&quot;:{&quot;date&quot;:&quot;DESC&quot;}},&quot;type&quot;:&quot;grid&quot;,&quot;us_grid_post_type&quot;:&quot;post&quot;,&quot;us_grid_ajax_index&quot;:1,&quot;us_grid_filter_query_string&quot;:null,&quot;us_grid_index&quot;:1,&quot;page_args&quot;:[]}}'><\/div>\r\n\t<\/div><\/div><\/div><\/div><\/div><\/div><\/section>\n","protected":false},"excerpt":{"rendered":"En la industria, no siempre es posible resolver una necesidad t\u00e9cnica con repuestos est\u00e1ndar. Es ah\u00ed donde la fabricaci\u00f3n de piezas especiales, la fabricaci\u00f3n de repuestos mecanizados CNC y la fabricaci\u00f3n de sellos especiales se convierten en soluciones estrat\u00e9gicas para mantener la operaci\u00f3n en funcionamiento. En este art\u00edculo te explicamos la importancia de estos servicios...","protected":false},"author":2,"featured_media":0,"parent":0,"menu_order":0,"comment_status":"closed","ping_status":"closed","template":"","meta":{"footnotes":""},"class_list":["post-8552","page","type-page","status-publish","hentry"],"acf":[],"_links":{"self":[{"href":"https:\/\/gervasi.cl\/index.php\/wp-json\/wp\/v2\/pages\/8552","targetHints":{"allow":["GET"]}}],"collection":[{"href":"https:\/\/gervasi.cl\/index.php\/wp-json\/wp\/v2\/pages"}],"about":[{"href":"https:\/\/gervasi.cl\/index.php\/wp-json\/wp\/v2\/types\/page"}],"author":[{"embeddable":true,"href":"https:\/\/gervasi.cl\/index.php\/wp-json\/wp\/v2\/users\/2"}],"replies":[{"embeddable":true,"href":"https:\/\/gervasi.cl\/index.php\/wp-json\/wp\/v2\/comments?post=8552"}],"version-history":[{"count":17,"href":"https:\/\/gervasi.cl\/index.php\/wp-json\/wp\/v2\/pages\/8552\/revisions"}],"predecessor-version":[{"id":9061,"href":"https:\/\/gervasi.cl\/index.php\/wp-json\/wp\/v2\/pages\/8552\/revisions\/9061"}],"wp:attachment":[{"href":"https:\/\/gervasi.cl\/index.php\/wp-json\/wp\/v2\/media?parent=8552"}],"curies":[{"name":"wp","href":"https:\/\/api.w.org\/{rel}","templated":true}]}}