{"id":8541,"date":"2023-11-13T19:03:45","date_gmt":"2023-11-13T19:03:45","guid":{"rendered":"https:\/\/gervasi.cl\/?page_id=8541"},"modified":"2025-12-31T14:31:28","modified_gmt":"2025-12-31T14:31:28","slug":"empresa","status":"publish","type":"page","link":"https:\/\/gervasi.cl\/index.php\/empresa\/","title":{"rendered":"Empresa"},"content":{"rendered":"<section class=\"l-section wpb_row height_custom with_img\"><div class=\"l-section-img lazyload\" role=\"img\" data-img-width=\"1024\" data-img-height=\"768\" style=\"background-image:inherit;background-repeat: no-repeat;\" data-bg-image=\"url(https:\/\/gervasi.cl\/wp-content\/uploads\/2024\/04\/nuevo-frontis-empresa-1024x768-limpio.png)\"><\/div><div class=\"l-section-overlay\" style=\"background:rgba(255,255,255,0.45)\"><\/div><div class=\"l-section-h i-cf\"><div class=\"g-cols vc_row via_flex valign_top type_default stacking_default\"><div class=\"vc_col-sm-6 wpb_column vc_column_container\"><div class=\"vc_column-inner\"><div class=\"wpb_wrapper\"><div class=\"w-separator size_huge\"><\/div><div class=\"w-separator size_small\"><\/div><div class=\"w-image logo align_center\"><div class=\"w-image-h\"><img decoding=\"async\" width=\"284\" height=\"84\" data-src=\"https:\/\/gervasi.cl\/wp-content\/uploads\/2017\/07\/logo_gervasi.png\" class=\"attachment-full size-full lazyload\" alt=\"\" src=\"data:image\/svg+xml;base64,PHN2ZyB3aWR0aD0iMSIgaGVpZ2h0PSIxIiB4bWxucz0iaHR0cDovL3d3dy53My5vcmcvMjAwMC9zdmciPjwvc3ZnPg==\" style=\"--smush-placeholder-width: 284px; --smush-placeholder-aspect-ratio: 284\/84;\" \/><\/div><\/div><div class=\"w-separator size_large\"><\/div><\/div><\/div><\/div><div class=\"vc_col-sm-6 wpb_column vc_column_container\"><div class=\"vc_column-inner\"><div class=\"wpb_wrapper\"><div class=\"w-separator size_medium\"><\/div><div class=\"w-grid type_carousel layout_8934\" id=\"us_grid_1\" style=\"--gap:0px;\"><style>.layout_8934 .w-grid-item-h{}.layout_8934 .usg_post_title_1{color:#ffffff!important;font-size:20px!important}.layout_8934 .usg_post_content_1{color:#ffffff!important;text-align:center!important;font-size:18px!important;height:180px!important}.layout_8934 .usg_vwrapper_1{border-radius:25px!important;padding:20px!important;background:rgba(56,95,190,0.80)!important}@media (min-width:1025px) and (max-width:1280px){.layout_8934 .usg_post_content_1{height:180px!important}}@media (min-width:601px) and (max-width:1024px){.layout_8934 .usg_post_content_1{height:100%!important}}@media (max-width:600px){.layout_8934 .usg_post_content_1{height:100%!important}}<\/style><div class=\"w-grid-list owl-carousel valign_stretch dotstyle_circle navstyle_circle navpos_outside owl-responsive-2000 autoheight with_dots with_arrows\" style=\"--transition-duration:350ms;--arrows-size:1.5rem;\">\t<article class=\"w-grid-item post-8923 us_testimonial type-us_testimonial status-publish hentry us_testimonial_category-mision-vision\" data-id=\"8923\">\r\n\t\t<div class=\"w-grid-item-h\">\r\n\t\t\t\t\t\t<div class=\"w-vwrapper usg_vwrapper_1 align_center valign_middle\"><h2 class=\"w-post-elm post_title usg_post_title_1 has_text_color align_center entry-title color_link_inherit\"><a href=\"https:\/\/gervasi.cl\/?post_type=us_testimonial&amp;p=8923\">Visi\u00f3n<\/a><\/h2><div class=\"w-html usg_html_1\"><br><\/div><div class=\"w-post-elm post_content usg_post_content_1 has_text_color\"><p style=\"text-align: justify;\">En Gervasi Industrial Ltda., tenemos la confianza de que nuestro compromiso con el servicio al cliente, y la entrega de repuestos de calidad, ser\u00e1n un impulsor de nuevas estrategias para responder a los nuevos requerimientos de nuestros clientes, y as\u00ed generar un constante crecimiento, tanto en lo profesional como en lo tecnol\u00f3gico, que logre expandir nuestros nichos de mercado.<\/p>\n<\/div><\/div>\t\t<\/div>\r\n\t\t\t<\/article>\r\n\t<article class=\"w-grid-item post-8922 us_testimonial type-us_testimonial status-publish hentry us_testimonial_category-mision-vision\" data-id=\"8922\">\r\n\t\t<div class=\"w-grid-item-h\">\r\n\t\t\t\t\t\t<div class=\"w-vwrapper usg_vwrapper_1 align_center valign_middle\"><h2 class=\"w-post-elm post_title usg_post_title_1 has_text_color align_center entry-title color_link_inherit\"><a href=\"https:\/\/gervasi.cl\/?post_type=us_testimonial&amp;p=8922\">Misi\u00f3n<\/a><\/h2><div class=\"w-html usg_html_1\"><br><\/div><div class=\"w-post-elm post_content usg_post_content_1 has_text_color\"><p style=\"text-align: justify;\">Satisfacer las necesidades y expectativas de nuestros clientes, en el sector industrial, mediante la producci\u00f3n, desarrollo y comercializaci\u00f3n de suministros y servicios calidad y a precios competitivos, contando con el mejor recurso humano.<\/p>\n<\/div><\/div>\t\t<\/div>\r\n\t\t\t<\/article>\r\n<\/div>\t<div class=\"g-preloader type_1\">\r\n\t\t<div><\/div>\r\n\t<\/div>\r\n\t\t<div class=\"w-grid-json hidden\" onclick='return {&quot;action&quot;:&quot;us_ajax_grid&quot;,&quot;infinite_scroll&quot;:0,&quot;max_num_pages&quot;:1,&quot;pagination&quot;:&quot;none&quot;,&quot;template_vars&quot;:{&quot;columns&quot;:&quot;&quot;,&quot;exclude_items&quot;:&quot;none&quot;,&quot;img_size&quot;:&quot;default&quot;,&quot;ignore_items_size&quot;:0,&quot;items_layout&quot;:&quot;8934&quot;,&quot;items_offset&quot;:&quot;0px&quot;,&quot;load_animation&quot;:&quot;none&quot;,&quot;overriding_link&quot;:&quot;{\\&quot;url\\&quot;:\\&quot;\\&quot;}&quot;,&quot;post_id&quot;:0,&quot;query_args&quot;:{&quot;post_type&quot;:[&quot;us_testimonial&quot;],&quot;tax_query&quot;:[{&quot;taxonomy&quot;:&quot;us_testimonial_category&quot;,&quot;field&quot;:&quot;slug&quot;,&quot;terms&quot;:[&quot;mision-vision&quot;]}],&quot;post_status&quot;:[&quot;publish&quot;,&quot;acf-disabled&quot;,&quot;wc-gplsquote-req&quot;],&quot;posts_per_page&quot;:&quot;2&quot;},&quot;orderby_query_args&quot;:{&quot;orderby&quot;:{&quot;date&quot;:&quot;DESC&quot;}},&quot;type&quot;:&quot;carousel&quot;,&quot;us_grid_post_type&quot;:&quot;us_testimonial&quot;,&quot;us_grid_ajax_index&quot;:1,&quot;us_grid_filter_query_string&quot;:null,&quot;us_grid_index&quot;:1,&quot;page_args&quot;:[]},&quot;carousel_settings&quot;:{&quot;aria_labels&quot;:{&quot;prev&quot;:&quot;Anterior&quot;,&quot;next&quot;:&quot;Siguiente&quot;},&quot;autoplayContinual&quot;:false,&quot;autoplayHoverPause&quot;:false,&quot;autoplayTimeout&quot;:5000,&quot;fluidSpeed&quot;:350,&quot;margin&quot;:0,&quot;mouseDrag&quot;:true,&quot;rtl&quot;:false,&quot;slideBy&quot;:&quot;1&quot;,&quot;touchDrag&quot;:true,&quot;slideTransition&quot;:&quot;&quot;,&quot;animateIn&quot;:&quot;fadeIn&quot;,&quot;animateOut&quot;:&quot;fadeOut&quot;,&quot;responsive&quot;:{&quot;0&quot;:{&quot;autoHeight&quot;:true,&quot;autoplay&quot;:true,&quot;autoWidth&quot;:false,&quot;center&quot;:false,&quot;dots&quot;:true,&quot;items&quot;:1,&quot;loop&quot;:true,&quot;nav&quot;:false,&quot;stagePadding&quot;:0},&quot;601&quot;:{&quot;autoHeight&quot;:true,&quot;autoplay&quot;:true,&quot;autoWidth&quot;:false,&quot;center&quot;:false,&quot;dots&quot;:true,&quot;items&quot;:1,&quot;loop&quot;:true,&quot;nav&quot;:true,&quot;stagePadding&quot;:0},&quot;1025&quot;:{&quot;autoHeight&quot;:true,&quot;autoplay&quot;:true,&quot;autoWidth&quot;:false,&quot;center&quot;:false,&quot;dots&quot;:true,&quot;items&quot;:1,&quot;loop&quot;:true,&quot;nav&quot;:true,&quot;stagePadding&quot;:0},&quot;1281&quot;:{&quot;items&quot;:1,&quot;autoplay&quot;:true,&quot;center&quot;:false,&quot;dots&quot;:true,&quot;nav&quot;:true,&quot;autoHeight&quot;:true,&quot;autoWidth&quot;:false,&quot;loop&quot;:true,&quot;stagePadding&quot;:0}}}}'><\/div>\r\n\t<\/div><div class=\"w-separator size_large\"><\/div><\/div><\/div><\/div><\/div><\/div><\/section><section class=\"l-section wpb_row height_custom\"><div class=\"l-section-h i-cf\"><div class=\"g-cols vc_row via_flex valign_top type_default stacking_default\"><div class=\"vc_col-sm-6 wpb_column vc_column_container\"><div class=\"vc_column-inner us_custom_6c21c073 us_animate_this\"><div class=\"wpb_wrapper\"><div class=\"w-hwrapper valign_middle align_left\" style=\"--hwrapper-gap:1.20rem\"><div class=\"w-image ima-emp align_center\"><div class=\"w-image-h\"><img decoding=\"async\" width=\"300\" height=\"300\" data-src=\"https:\/\/gervasi.cl\/wp-content\/uploads\/2023\/02\/ICONO-ENVIOS.png\" class=\"attachment-medium size-medium lazyload\" alt=\"\" data-srcset=\"https:\/\/gervasi.cl\/wp-content\/uploads\/2023\/02\/ICONO-ENVIOS.png 2134w, https:\/\/gervasi.cl\/wp-content\/uploads\/2023\/02\/ICONO-ENVIOS-300x300.png 300w, https:\/\/gervasi.cl\/wp-content\/uploads\/2023\/02\/ICONO-ENVIOS-150x150.png 150w, https:\/\/gervasi.cl\/wp-content\/uploads\/2023\/02\/ICONO-ENVIOS-600x600.png 600w\" data-sizes=\"auto, (max-width: 300px) 100vw, 300px\" src=\"data:image\/svg+xml;base64,PHN2ZyB3aWR0aD0iMSIgaGVpZ2h0PSIxIiB4bWxucz0iaHR0cDovL3d3dy53My5vcmcvMjAwMC9zdmciPjwvc3ZnPg==\" style=\"--smush-placeholder-width: 300px; --smush-placeholder-aspect-ratio: 300\/300;\" \/><\/div><\/div><div class=\"w-vwrapper align_left valign_middle\"><div class=\"wpb_text_column us_custom_a45494a6 has_text_color\"><div class=\"wpb_wrapper\"><h1 style=\"font-size: 20px; text-align: left;\"><strong>FABRICACI\u00d3N PROPIA<\/strong><\/h1>\n<\/div><\/div><div class=\"wpb_text_column us_custom_f97ddaa7\"><div class=\"wpb_wrapper\"><p style=\"text-align: justify;\">Una de nuestras mayores ventajas como empresa, es que podemos atender sus necesidades en el momento que sea y con la urgencia que requiera, ya que contamos con una maestranza moderna y eficiente que est\u00e1 disponible.<\/p>\n<\/div><\/div><\/div><\/div><\/div><\/div><\/div><div class=\"vc_col-sm-6 wpb_column vc_column_container\"><div class=\"vc_column-inner us_custom_ba870b58 us_animate_this\"><div class=\"wpb_wrapper\"><div class=\"w-hwrapper valign_middle align_left\" style=\"--hwrapper-gap:1.20rem\"><div class=\"w-image ima-emp align_center\"><div class=\"w-image-h\"><img decoding=\"async\" width=\"300\" height=\"300\" data-src=\"https:\/\/gervasi.cl\/wp-content\/uploads\/2023\/02\/ICONO-CALIDAD.png\" class=\"attachment-medium size-medium lazyload\" alt=\"\" data-srcset=\"https:\/\/gervasi.cl\/wp-content\/uploads\/2023\/02\/ICONO-CALIDAD.png 2134w, https:\/\/gervasi.cl\/wp-content\/uploads\/2023\/02\/ICONO-CALIDAD-300x300.png 300w, https:\/\/gervasi.cl\/wp-content\/uploads\/2023\/02\/ICONO-CALIDAD-150x150.png 150w, https:\/\/gervasi.cl\/wp-content\/uploads\/2023\/02\/ICONO-CALIDAD-600x600.png 600w\" data-sizes=\"auto, (max-width: 300px) 100vw, 300px\" src=\"data:image\/svg+xml;base64,PHN2ZyB3aWR0aD0iMSIgaGVpZ2h0PSIxIiB4bWxucz0iaHR0cDovL3d3dy53My5vcmcvMjAwMC9zdmciPjwvc3ZnPg==\" style=\"--smush-placeholder-width: 300px; --smush-placeholder-aspect-ratio: 300\/300;\" \/><\/div><\/div><div class=\"w-vwrapper align_left valign_middle\"><div class=\"wpb_text_column\"><div class=\"wpb_wrapper\"><h1 style=\"font-size: 20px;\"><strong>CALIDAD GARANTIZADA<\/strong><\/h1>\n<\/div><\/div><div class=\"wpb_text_column us_custom_f97ddaa7\"><div class=\"wpb_wrapper\"><p style=\"text-align: justify;\">Nuestros repuestos son fabricados con materias primas certificadas por la FDA, que cumplen con las normas sanitarias. Adem\u00e1s, el repuesto terminado ha sido testeado por la Divisi\u00f3n de Ingenier\u00eda Hidr\u00e1ulica lo que garantiza nuestra calidad.<\/p>\n<\/div><\/div><\/div><\/div><\/div><\/div><\/div><\/div><\/div><\/section><section class=\"l-section wpb_row us_custom_b03640aa height_custom\"><div class=\"l-section-h i-cf\"><div class=\"g-cols vc_row via_flex valign_top type_default stacking_default\"><div class=\"vc_col-sm-6 wpb_column vc_column_container\"><div class=\"vc_column-inner us_custom_6c21c073 us_animate_this\"><div class=\"wpb_wrapper\"><div class=\"w-hwrapper valign_middle align_left\" style=\"--hwrapper-gap:1.20rem\"><div class=\"w-image ima-emp align_center\"><div class=\"w-image-h\"><img decoding=\"async\" width=\"300\" height=\"300\" data-src=\"https:\/\/gervasi.cl\/wp-content\/uploads\/2023\/02\/ICONO-COMPRAS-SEGURAS.png\" class=\"attachment-medium size-medium lazyload\" alt=\"\" data-srcset=\"https:\/\/gervasi.cl\/wp-content\/uploads\/2023\/02\/ICONO-COMPRAS-SEGURAS.png 2134w, https:\/\/gervasi.cl\/wp-content\/uploads\/2023\/02\/ICONO-COMPRAS-SEGURAS-300x300.png 300w, https:\/\/gervasi.cl\/wp-content\/uploads\/2023\/02\/ICONO-COMPRAS-SEGURAS-150x150.png 150w, https:\/\/gervasi.cl\/wp-content\/uploads\/2023\/02\/ICONO-COMPRAS-SEGURAS-600x600.png 600w\" data-sizes=\"auto, (max-width: 300px) 100vw, 300px\" src=\"data:image\/svg+xml;base64,PHN2ZyB3aWR0aD0iMSIgaGVpZ2h0PSIxIiB4bWxucz0iaHR0cDovL3d3dy53My5vcmcvMjAwMC9zdmciPjwvc3ZnPg==\" style=\"--smush-placeholder-width: 300px; --smush-placeholder-aspect-ratio: 300\/300;\" \/><\/div><\/div><div class=\"w-vwrapper align_left valign_middle\"><div class=\"wpb_text_column\"><div class=\"wpb_wrapper\"><h1 style=\"font-size: 20px;\"><strong>SERVICIO COMPROBADO<\/strong><\/h1>\n<\/div><\/div><div class=\"wpb_text_column us_custom_f97ddaa7\"><div class=\"wpb_wrapper\"><p style=\"text-align: justify;\">En Gervasi Industrial nos hemos caracterizado por cumplir con nuestro compromiso de atender a nuestros clientes en forma personalizada, lo que ha generado una estrecha relaci\u00f3n que abarca m\u00e1s all\u00e1 de la compra y venta de repuestos.<\/p>\n<\/div><\/div><\/div><\/div><\/div><\/div><\/div><div class=\"vc_col-sm-6 wpb_column vc_column_container\"><div class=\"vc_column-inner us_custom_ba870b58 us_animate_this\"><div class=\"wpb_wrapper\"><div class=\"w-hwrapper valign_middle align_left\" style=\"--hwrapper-gap:1.20rem\"><div class=\"w-image ima-emp align_center\"><div class=\"w-image-h\"><img decoding=\"async\" width=\"300\" height=\"300\" data-src=\"https:\/\/gervasi.cl\/wp-content\/uploads\/2023\/02\/ICONO-ENVIOS.png\" class=\"attachment-medium size-medium lazyload\" alt=\"\" data-srcset=\"https:\/\/gervasi.cl\/wp-content\/uploads\/2023\/02\/ICONO-ENVIOS.png 2134w, https:\/\/gervasi.cl\/wp-content\/uploads\/2023\/02\/ICONO-ENVIOS-300x300.png 300w, https:\/\/gervasi.cl\/wp-content\/uploads\/2023\/02\/ICONO-ENVIOS-150x150.png 150w, https:\/\/gervasi.cl\/wp-content\/uploads\/2023\/02\/ICONO-ENVIOS-600x600.png 600w\" data-sizes=\"auto, (max-width: 300px) 100vw, 300px\" src=\"data:image\/svg+xml;base64,PHN2ZyB3aWR0aD0iMSIgaGVpZ2h0PSIxIiB4bWxucz0iaHR0cDovL3d3dy53My5vcmcvMjAwMC9zdmciPjwvc3ZnPg==\" style=\"--smush-placeholder-width: 300px; --smush-placeholder-aspect-ratio: 300\/300;\" \/><\/div><\/div><div class=\"w-vwrapper align_left valign_middle\"><div class=\"wpb_text_column\"><div class=\"wpb_wrapper\"><h1 style=\"font-size: 20px;\"><strong>CONFIANZA<\/strong><\/h1>\n<\/div><\/div><div class=\"wpb_text_column us_custom_f97ddaa7\"><div class=\"wpb_wrapper\"><p style=\"text-align: justify;\">Estamos comprometidos a responder de igual forma ante los requerimientos de nuestros clientes, ya sea por la compra del oring m\u00e1s peque\u00f1o, como tambi\u00e9n de la fabricaci\u00f3n de cilindros de grandes dimensiones.<\/p>\n<\/div><\/div><\/div><\/div><\/div><\/div><\/div><\/div><\/div><\/section>\n","protected":false},"excerpt":{"rendered":"Satisfacer las necesidades y expectativas de nuestros clientes, en el sector industrial, mediante la producci\u00f3n, desarrollo y comercializaci\u00f3n de suministros y servicios calidad y a precios competitivos, contando con el mejor recurso humano.","protected":false},"author":2,"featured_media":0,"parent":0,"menu_order":0,"comment_status":"closed","ping_status":"closed","template":"","meta":{"footnotes":""},"class_list":["post-8541","page","type-page","status-publish","hentry"],"acf":[],"_links":{"self":[{"href":"https:\/\/gervasi.cl\/index.php\/wp-json\/wp\/v2\/pages\/8541","targetHints":{"allow":["GET"]}}],"collection":[{"href":"https:\/\/gervasi.cl\/index.php\/wp-json\/wp\/v2\/pages"}],"about":[{"href":"https:\/\/gervasi.cl\/index.php\/wp-json\/wp\/v2\/types\/page"}],"author":[{"embeddable":true,"href":"https:\/\/gervasi.cl\/index.php\/wp-json\/wp\/v2\/users\/2"}],"replies":[{"embeddable":true,"href":"https:\/\/gervasi.cl\/index.php\/wp-json\/wp\/v2\/comments?post=8541"}],"version-history":[{"count":81,"href":"https:\/\/gervasi.cl\/index.php\/wp-json\/wp\/v2\/pages\/8541\/revisions"}],"predecessor-version":[{"id":9043,"href":"https:\/\/gervasi.cl\/index.php\/wp-json\/wp\/v2\/pages\/8541\/revisions\/9043"}],"wp:attachment":[{"href":"https:\/\/gervasi.cl\/index.php\/wp-json\/wp\/v2\/media?parent=8541"}],"curies":[{"name":"wp","href":"https:\/\/api.w.org\/{rel}","templated":true}]}}